{"id":95,"date":"2018-06-18T06:57:36","date_gmt":"2018-06-18T03:57:36","guid":{"rendered":"https:\/\/eszateknik.com\/?page_id=95"},"modified":"2025-01-24T12:29:53","modified_gmt":"2025-01-24T09:29:53","slug":"anasayfa","status":"publish","type":"page","link":"https:\/\/eszateknik.com\/","title":{"rendered":"Anasayfa"},"content":{"rendered":"\t\t<div data-elementor-type=\"wp-page\" data-elementor-id=\"95\" class=\"elementor elementor-95\">\n\t\t\t\t\t\t<section class=\"elementor-section elementor-top-section elementor-element elementor-element-2eea2b5 elementor-section-boxed elementor-section-height-default elementor-section-height-default\" data-id=\"2eea2b5\" data-element_type=\"section\" data-e-type=\"section\">\n\t\t\t\t\t\t<div class=\"elementor-container elementor-column-gap-default\">\n\t\t\t\t\t<div class=\"elementor-column elementor-col-100 elementor-top-column elementor-element elementor-element-bfda42f animated-fast elementor-invisible\" data-id=\"bfda42f\" data-element_type=\"column\" data-e-type=\"column\" data-settings=\"{&quot;animation&quot;:&quot;zoomInUp&quot;,&quot;animation_delay&quot;:1}\">\n\t\t\t<div class=\"elementor-widget-wrap elementor-element-populated\">\n\t\t\t\t\t\t<div class=\"elementor-element elementor-element-bc28a9f elementor-widget__width-inherit animated-fast elementor-invisible elementor-widget elementor-widget-prime-slider-general\" data-id=\"bc28a9f\" data-element_type=\"widget\" data-e-type=\"widget\" data-settings=\"{&quot;_animation&quot;:&quot;bounceInRight&quot;}\" data-widget_type=\"prime-slider-general.default\">\n\t\t\t\t<div class=\"elementor-widget-container\">\n\t\t\t\t\t\t\t<div class=\"bdt-prime-slider\">\n\t\t\t<div class=\"bdt-prime-slider-skin-general\">\n\t\t\t\t<div class=\"bdt-position-relative bdt-visible-toggle\" bdt-slideshow=\"{&quot;animation&quot;:&quot;pull&quot;,&quot;ratio&quot;:&quot;12:4&quot;,&quot;min-height&quot;:50,&quot;autoplay&quot;:true,&quot;autoplay-interval&quot;:6994,&quot;pause-on-hover&quot;:true,&quot;draggable&quot;:true,&quot;velocity&quot;:0.2,&quot;finite&quot;:false}\" data-settings=\"{&quot;id&quot;:&quot;#bdt-bc28a9f&quot;,&quot;animation_status&quot;:&quot;no&quot;}\" id=\"bdt-bc28a9f\">\n\t\t\t\t\t<ul class=\"bdt-slideshow-items\">\n\t\t\t\t\t\t\n\t\t\t<li\n\t\t\t\tclass=\"bdt-slideshow-item bdt-flex bdt-flex-middle bdt-flex-center elementor-repeater-item-f505893\">\n\t\t\t\t\t\t\t\t\t<div\n\t\t\t\t\t\tclass=\"bdt-position-cover bdt-animation-kenburns bdt-transform-origin-center-left\">\n\t\t\t\t\t\n\t\t\t\t\t\t\t\t\t\t\t\n\t\t<div class=\"bdt-ps-slide-img\" style=\"background-image: url('https:\/\/eszateknik.com\/wp-content\/uploads\/2022\/09\/c2.jpg')\"><\/div>\n\n\t\t\t\t\t\t\t\n\t\t\t\t\t\t\t\t\t\t<\/div>\n\t\t\t\t\n\t\t\t\t\n\t\t\t\t\t\t<div class=\"bdt-prime-slider-wrapper\">\n\t\t\t<div class=\"bdt-prime-slider-content\">\n\t\t\t\t<div class=\"bdt-prime-slider-desc\">\n\n\t\t\t\t\t\n\t\t\t\t\t\n\t\t\t\t\t\n\t\t\t\t\t<div data-bdt-slideshow-parallax=\"x: 150,0,-30; opacity: 1,1,0\">\n\t\t\t\t\t\t<div class=\"bdt-btn-wrapper\">\n\t\t\t\t\t\t\t\t\t\t\t\t\t<\/div>\n\t\t\t\t\t<\/div>\n\t\t\t\t<\/div>\n\n\t\t\t\t\n\t\t\t<\/div>\n\t\t<\/div>\n\t\t\t\t\t<\/li>\n\n\t\t\n\t\t\t\t\t<\/ul>\n\t\t\t\t\t\n\t\t\t\t\t\t\t\t<div class=\"reveal-muted\">\n\t\t\t\t<a class=\"bdt-position-bottom-right bdt-prime-slider-previous\" href=\"#\" bdt-slidenav-previous\n\t\t\t\t\tbdt-slideshow-item=\"previous\"><\/a>\n\t\t\t\t<a class=\"bdt-position-bottom-right bdt-prime-slider-next\" href=\"#\" bdt-slidenav-next bdt-slideshow-item=\"next\"><\/a>\n\t\t\t<\/div>\n\n\t\t\n\t\t\t\t\t\t\t\n\t\t\t\t\t<div >\n\t\t\t\t<ul class=\"bdt-slideshow-nav bdt-dotnav bdt-margin-large bdt-position-bottom-left bdt-text-center reveal-muted\">\n\t\t\t\t<\/ul>\n\t\t\t<\/div>\n\t\t\n\t\t\t\t\t\t<\/div>\n\t\t\t\t\t\t\t\t\t\t\t<\/div>\n\t\t<\/div>\n\t\t\t\t\t\t<\/div>\n\t\t\t\t<\/div>\n\t\t\t\t\t<\/div>\n\t\t<\/div>\n\t\t\t\t\t<\/div>\n\t\t<\/section>\n\t\t\t\t<section class=\"elementor-section elementor-top-section elementor-element elementor-element-ed625d8 elementor-section-boxed elementor-section-height-default elementor-section-height-default\" data-id=\"ed625d8\" data-element_type=\"section\" data-e-type=\"section\">\n\t\t\t\t\t\t\t<div class=\"elementor-background-overlay\"><\/div>\n\t\t\t\t\t\t\t<div class=\"elementor-container elementor-column-gap-default\">\n\t\t\t\t\t<div class=\"elementor-column elementor-col-100 elementor-top-column elementor-element elementor-element-2c7edf4\" data-id=\"2c7edf4\" data-element_type=\"column\" data-e-type=\"column\">\n\t\t\t<div class=\"elementor-widget-wrap elementor-element-populated\">\n\t\t\t\t\t\t<div class=\"elementor-element elementor-element-0eb133a gallery-spacing-custom elementor-widget elementor-widget-image-gallery\" data-id=\"0eb133a\" data-element_type=\"widget\" data-e-type=\"widget\" data-widget_type=\"image-gallery.default\">\n\t\t\t\t<div class=\"elementor-widget-container\">\n\t\t\t\t\t\t\t<div class=\"elementor-image-gallery\">\n\t\t\t<div id='gallery-1' class='gallery galleryid-95 gallery-columns-7 gallery-size-full'><figure class='gallery-item'>\n\t\t\t<div class='gallery-icon landscape'>\n\t\t\t\t<a data-elementor-open-lightbox=\"yes\" data-elementor-lightbox-slideshow=\"0eb133a\" data-elementor-lightbox-title=\"1\" data-e-action-hash=\"#elementor-action%3Aaction%3Dlightbox%26settings%3DeyJpZCI6NjI1OSwidXJsIjoiaHR0cHM6XC9cL2VzemF0ZWtuaWsuY29tXC93cC1jb250ZW50XC91cGxvYWRzXC8yMDIyXC8wOVwvMS5qcGciLCJzbGlkZXNob3ciOiIwZWIxMzNhIn0%3D\" href='https:\/\/eszateknik.com\/wp-content\/uploads\/2022\/09\/1.jpg'><img decoding=\"async\" width=\"235\" height=\"89\" src=\"https:\/\/eszateknik.com\/wp-content\/uploads\/2022\/09\/1.jpg\" class=\"attachment-full size-full\" alt=\"\" aria-describedby=\"gallery-1-6259\" \/><\/a>\n\t\t\t<\/div>\n\t\t\t\t<figcaption class='wp-caption-text gallery-caption' id='gallery-1-6259'>\n\t\t\t\tPLAST\u0130K GRUPLAR\n\t\t\t\t<\/figcaption><\/figure><figure class='gallery-item'>\n\t\t\t<div class='gallery-icon landscape'>\n\t\t\t\t<a data-elementor-open-lightbox=\"yes\" data-elementor-lightbox-slideshow=\"0eb133a\" data-elementor-lightbox-title=\"BO\u011eAZ\u0130\u00c7\u0130 LOGO\" data-e-action-hash=\"#elementor-action%3Aaction%3Dlightbox%26settings%3DeyJpZCI6NjQ0NiwidXJsIjoiaHR0cHM6XC9cL2VzemF0ZWtuaWsuY29tXC93cC1jb250ZW50XC91cGxvYWRzXC8yMDIzXC8xMlwvQk9HQVpJQ0ktTE9HTy5wbmciLCJzbGlkZXNob3ciOiIwZWIxMzNhIn0%3D\" href='https:\/\/eszateknik.com\/wp-content\/uploads\/2023\/12\/BOGAZICI-LOGO.png'><img decoding=\"async\" width=\"372\" height=\"127\" src=\"https:\/\/eszateknik.com\/wp-content\/uploads\/2023\/12\/BOGAZICI-LOGO.png\" class=\"attachment-full size-full\" alt=\"\" aria-describedby=\"gallery-1-6446\" srcset=\"https:\/\/eszateknik.com\/wp-content\/uploads\/2023\/12\/BOGAZICI-LOGO.png 372w, https:\/\/eszateknik.com\/wp-content\/uploads\/2023\/12\/BOGAZICI-LOGO-300x102.png 300w\" sizes=\"(max-width: 372px) 100vw, 372px\" \/><\/a>\n\t\t\t<\/div>\n\t\t\t\t<figcaption class='wp-caption-text gallery-caption' id='gallery-1-6446'>\n\t\t\t\tFLAN\u015eVE PATENT D\u0130RSEKLER\n\t\t\t\t<\/figcaption><\/figure><figure class='gallery-item'>\n\t\t\t<div class='gallery-icon landscape'>\n\t\t\t\t<a data-elementor-open-lightbox=\"yes\" data-elementor-lightbox-slideshow=\"0eb133a\" data-elementor-lightbox-title=\"9\" data-e-action-hash=\"#elementor-action%3Aaction%3Dlightbox%26settings%3DeyJpZCI6NjI2NywidXJsIjoiaHR0cHM6XC9cL2VzemF0ZWtuaWsuY29tXC93cC1jb250ZW50XC91cGxvYWRzXC8yMDIyXC8wOVwvOS5qcGciLCJzbGlkZXNob3ciOiIwZWIxMzNhIn0%3D\" href='https:\/\/eszateknik.com\/wp-content\/uploads\/2022\/09\/9.jpg'><img decoding=\"async\" width=\"228\" height=\"86\" src=\"https:\/\/eszateknik.com\/wp-content\/uploads\/2022\/09\/9.jpg\" class=\"attachment-full size-full\" alt=\"\" aria-describedby=\"gallery-1-6267\" \/><\/a>\n\t\t\t<\/div>\n\t\t\t\t<figcaption class='wp-caption-text gallery-caption' id='gallery-1-6267'>\n\t\t\t\tBOYLER VE AK\u00dcM\u00dcLASYON\n\t\t\t\t<\/figcaption><\/figure><figure class='gallery-item'>\n\t\t\t<div class='gallery-icon landscape'>\n\t\t\t\t<a data-elementor-open-lightbox=\"yes\" data-elementor-lightbox-slideshow=\"0eb133a\" data-elementor-lightbox-title=\"CASE \u00dcR\u00dcN GRUPLARI\" data-e-action-hash=\"#elementor-action%3Aaction%3Dlightbox%26settings%3DeyJpZCI6NjM3MiwidXJsIjoiaHR0cHM6XC9cL2VzemF0ZWtuaWsuY29tXC93cC1jb250ZW50XC91cGxvYWRzXC8yMDIzXC8xMVwvQ0FTRS0xLnBuZyIsInNsaWRlc2hvdyI6IjBlYjEzM2EifQ%3D%3D\" href='https:\/\/eszateknik.com\/wp-content\/uploads\/2023\/11\/CASE-1.png'><img loading=\"lazy\" decoding=\"async\" width=\"760\" height=\"132\" src=\"https:\/\/eszateknik.com\/wp-content\/uploads\/2023\/11\/CASE-1.png\" class=\"attachment-full size-full\" alt=\"EMN\u0130YET VENT\u0130L\u0130 VE BASIN\u00c7 D\u00dc\u015e\u00dcR\u00dcC\u00dcLER\" aria-describedby=\"gallery-1-6372\" srcset=\"https:\/\/eszateknik.com\/wp-content\/uploads\/2023\/11\/CASE-1.png 760w, https:\/\/eszateknik.com\/wp-content\/uploads\/2023\/11\/CASE-1-300x52.png 300w, https:\/\/eszateknik.com\/wp-content\/uploads\/2023\/11\/CASE-1-600x104.png 600w\" sizes=\"(max-width: 760px) 100vw, 760px\" \/><\/a>\n\t\t\t<\/div>\n\t\t\t\t<figcaption class='wp-caption-text gallery-caption' id='gallery-1-6372'>\n\t\t\t\tEMNN\u0130YET VENT\u0130LLER\u0130 VE BASIN\u00c7 D\u00dc\u015e\u00dcR\u00dcC\u00dcLER\n\t\t\t\t<\/figcaption><\/figure><figure class='gallery-item'>\n\t\t\t<div class='gallery-icon landscape'>\n\t\t\t\t<a data-elementor-open-lightbox=\"yes\" data-elementor-lightbox-slideshow=\"0eb133a\" data-elementor-lightbox-title=\"ROTATEK LOGO\" data-e-action-hash=\"#elementor-action%3Aaction%3Dlightbox%26settings%3DeyJpZCI6NjQ2OCwidXJsIjoiaHR0cHM6XC9cL2VzemF0ZWtuaWsuY29tXC93cC1jb250ZW50XC91cGxvYWRzXC8yMDI1XC8wMVwvUk9UQVRFSy1MT0dPLnBuZyIsInNsaWRlc2hvdyI6IjBlYjEzM2EifQ%3D%3D\" href='https:\/\/eszateknik.com\/wp-content\/uploads\/2025\/01\/ROTATEK-LOGO.png'><img loading=\"lazy\" decoding=\"async\" width=\"314\" height=\"65\" src=\"https:\/\/eszateknik.com\/wp-content\/uploads\/2025\/01\/ROTATEK-LOGO.png\" class=\"attachment-full size-full\" alt=\"\" aria-describedby=\"gallery-1-6468\" srcset=\"https:\/\/eszateknik.com\/wp-content\/uploads\/2025\/01\/ROTATEK-LOGO.png 314w, https:\/\/eszateknik.com\/wp-content\/uploads\/2025\/01\/ROTATEK-LOGO-300x62.png 300w\" sizes=\"(max-width: 314px) 100vw, 314px\" \/><\/a>\n\t\t\t<\/div>\n\t\t\t\t<figcaption class='wp-caption-text gallery-caption' id='gallery-1-6468'>\n\t\t\t\tKOMPANSAT\u00d6R GRUPLARI\n\t\t\t\t<\/figcaption><\/figure><figure class='gallery-item'>\n\t\t\t<div class='gallery-icon landscape'>\n\t\t\t\t<a data-elementor-open-lightbox=\"yes\" data-elementor-lightbox-slideshow=\"0eb133a\" data-elementor-lightbox-title=\"13\" data-e-action-hash=\"#elementor-action%3Aaction%3Dlightbox%26settings%3DeyJpZCI6NjI3MSwidXJsIjoiaHR0cHM6XC9cL2VzemF0ZWtuaWsuY29tXC93cC1jb250ZW50XC91cGxvYWRzXC8yMDIyXC8wOVwvMTMuanBnIiwic2xpZGVzaG93IjoiMGViMTMzYSJ9\" href='https:\/\/eszateknik.com\/wp-content\/uploads\/2022\/09\/13.jpg'><img loading=\"lazy\" decoding=\"async\" width=\"228\" height=\"86\" src=\"https:\/\/eszateknik.com\/wp-content\/uploads\/2022\/09\/13.jpg\" class=\"attachment-full size-full\" alt=\"\" aria-describedby=\"gallery-1-6271\" \/><\/a>\n\t\t\t<\/div>\n\t\t\t\t<figcaption class='wp-caption-text gallery-caption' id='gallery-1-6271'>\n\t\t\t\tISI  VE BASIN\u00c7 \u00d6L\u00c7ERLER\n\t\t\t\t<\/figcaption><\/figure><figure class='gallery-item'>\n\t\t\t<div class='gallery-icon landscape'>\n\t\t\t\t<a data-elementor-open-lightbox=\"yes\" data-elementor-lightbox-slideshow=\"0eb133a\" data-elementor-lightbox-title=\"10\" data-e-action-hash=\"#elementor-action%3Aaction%3Dlightbox%26settings%3DeyJpZCI6NjI2OCwidXJsIjoiaHR0cHM6XC9cL2VzemF0ZWtuaWsuY29tXC93cC1jb250ZW50XC91cGxvYWRzXC8yMDIyXC8wOVwvMTAuanBnIiwic2xpZGVzaG93IjoiMGViMTMzYSJ9\" href='https:\/\/eszateknik.com\/wp-content\/uploads\/2022\/09\/10.jpg'><img loading=\"lazy\" decoding=\"async\" width=\"228\" height=\"86\" src=\"https:\/\/eszateknik.com\/wp-content\/uploads\/2022\/09\/10.jpg\" class=\"attachment-full size-full\" alt=\"\" aria-describedby=\"gallery-1-6268\" \/><\/a>\n\t\t\t<\/div>\n\t\t\t\t<figcaption class='wp-caption-text gallery-caption' id='gallery-1-6268'>\n\t\t\t\tGENLE\u015eME TANKLARI\n\t\t\t\t<\/figcaption><\/figure><figure class='gallery-item'>\n\t\t\t<div class='gallery-icon landscape'>\n\t\t\t\t<a data-elementor-open-lightbox=\"yes\" data-elementor-lightbox-slideshow=\"0eb133a\" data-elementor-lightbox-title=\"2\" data-e-action-hash=\"#elementor-action%3Aaction%3Dlightbox%26settings%3DeyJpZCI6NjI2MCwidXJsIjoiaHR0cHM6XC9cL2VzemF0ZWtuaWsuY29tXC93cC1jb250ZW50XC91cGxvYWRzXC8yMDIyXC8wOVwvMi5qcGciLCJzbGlkZXNob3ciOiIwZWIxMzNhIn0%3D\" href='https:\/\/eszateknik.com\/wp-content\/uploads\/2022\/09\/2.jpg'><img loading=\"lazy\" decoding=\"async\" width=\"235\" height=\"89\" src=\"https:\/\/eszateknik.com\/wp-content\/uploads\/2022\/09\/2.jpg\" class=\"attachment-full size-full\" alt=\"\" aria-describedby=\"gallery-1-6260\" \/><\/a>\n\t\t\t<\/div>\n\t\t\t\t<figcaption class='wp-caption-text gallery-caption' id='gallery-1-6260'>\n\t\t\t\tF\u0130T\u0130NGS GRUPLARI\n\t\t\t\t<\/figcaption><\/figure><figure class='gallery-item'>\n\t\t\t<div class='gallery-icon landscape'>\n\t\t\t\t<a data-elementor-open-lightbox=\"yes\" data-elementor-lightbox-slideshow=\"0eb133a\" data-elementor-lightbox-title=\"8\" data-e-action-hash=\"#elementor-action%3Aaction%3Dlightbox%26settings%3DeyJpZCI6NjI2NiwidXJsIjoiaHR0cHM6XC9cL2VzemF0ZWtuaWsuY29tXC93cC1jb250ZW50XC91cGxvYWRzXC8yMDIyXC8wOVwvOC5qcGciLCJzbGlkZXNob3ciOiIwZWIxMzNhIn0%3D\" href='https:\/\/eszateknik.com\/wp-content\/uploads\/2022\/09\/8.jpg'><img loading=\"lazy\" decoding=\"async\" width=\"207\" height=\"85\" src=\"https:\/\/eszateknik.com\/wp-content\/uploads\/2022\/09\/8.jpg\" class=\"attachment-full size-full\" alt=\"\" aria-describedby=\"gallery-1-6266\" \/><\/a>\n\t\t\t<\/div>\n\t\t\t\t<figcaption class='wp-caption-text gallery-caption' id='gallery-1-6266'>\n\t\t\t\tK\u00dcRESEL VANALAR\n\t\t\t\t<\/figcaption><\/figure><figure class='gallery-item'>\n\t\t\t<div class='gallery-icon landscape'>\n\t\t\t\t<a data-elementor-open-lightbox=\"yes\" data-elementor-lightbox-slideshow=\"0eb133a\" data-elementor-lightbox-title=\"MONEKS\" data-e-action-hash=\"#elementor-action%3Aaction%3Dlightbox%26settings%3DeyJpZCI6NjM3MywidXJsIjoiaHR0cHM6XC9cL2VzemF0ZWtuaWsuY29tXC93cC1jb250ZW50XC91cGxvYWRzXC8yMDIzXC8xMVwvMDkzMzcxNDQtNDcyMi00YjQ1LTk3YWYtODFkZDk1MTUwOGM0LmpwZyIsInNsaWRlc2hvdyI6IjBlYjEzM2EifQ%3D%3D\" href='https:\/\/eszateknik.com\/wp-content\/uploads\/2023\/11\/09337144-4722-4b45-97af-81dd951508c4.jpg'><img loading=\"lazy\" decoding=\"async\" width=\"1600\" height=\"325\" src=\"https:\/\/eszateknik.com\/wp-content\/uploads\/2023\/11\/09337144-4722-4b45-97af-81dd951508c4.jpg\" class=\"attachment-full size-full\" alt=\"ISI VE BASIN\u00c7 \u00d6L\u00c7ERLER\" aria-describedby=\"gallery-1-6373\" srcset=\"https:\/\/eszateknik.com\/wp-content\/uploads\/2023\/11\/09337144-4722-4b45-97af-81dd951508c4.jpg 1600w, https:\/\/eszateknik.com\/wp-content\/uploads\/2023\/11\/09337144-4722-4b45-97af-81dd951508c4-300x61.jpg 300w, https:\/\/eszateknik.com\/wp-content\/uploads\/2023\/11\/09337144-4722-4b45-97af-81dd951508c4-1024x208.jpg 1024w, https:\/\/eszateknik.com\/wp-content\/uploads\/2023\/11\/09337144-4722-4b45-97af-81dd951508c4-768x156.jpg 768w, https:\/\/eszateknik.com\/wp-content\/uploads\/2023\/11\/09337144-4722-4b45-97af-81dd951508c4-1536x312.jpg 1536w, https:\/\/eszateknik.com\/wp-content\/uploads\/2023\/11\/09337144-4722-4b45-97af-81dd951508c4-600x122.jpg 600w\" sizes=\"(max-width: 1600px) 100vw, 1600px\" \/><\/a>\n\t\t\t<\/div>\n\t\t\t\t<figcaption class='wp-caption-text gallery-caption' id='gallery-1-6373'>\n\t\t\t\tISI VE BASIN\u00c7 \u00d6L\u00c7ERLER\n\t\t\t\t<\/figcaption><\/figure><figure class='gallery-item'>\n\t\t\t<div class='gallery-icon landscape'>\n\t\t\t\t<a data-elementor-open-lightbox=\"yes\" data-elementor-lightbox-slideshow=\"0eb133a\" data-elementor-lightbox-title=\"AS\u00c7EL\u0130K KELEP\u00c7E\" data-e-action-hash=\"#elementor-action%3Aaction%3Dlightbox%26settings%3DeyJpZCI6NjM3MSwidXJsIjoiaHR0cHM6XC9cL2VzemF0ZWtuaWsuY29tXC93cC1jb250ZW50XC91cGxvYWRzXC8yMDIzXC8xMVwvQVNDRUxJSy1LRUxFUENFLVNPTi1IQUxJLmpwZyIsInNsaWRlc2hvdyI6IjBlYjEzM2EifQ%3D%3D\" href='https:\/\/eszateknik.com\/wp-content\/uploads\/2023\/11\/ASCELIK-KELEPCE-SON-HALI.jpg'><img loading=\"lazy\" decoding=\"async\" width=\"1445\" height=\"713\" src=\"https:\/\/eszateknik.com\/wp-content\/uploads\/2023\/11\/ASCELIK-KELEPCE-SON-HALI.jpg\" class=\"attachment-full size-full\" alt=\"\" aria-describedby=\"gallery-1-6371\" srcset=\"https:\/\/eszateknik.com\/wp-content\/uploads\/2023\/11\/ASCELIK-KELEPCE-SON-HALI.jpg 1445w, https:\/\/eszateknik.com\/wp-content\/uploads\/2023\/11\/ASCELIK-KELEPCE-SON-HALI-300x148.jpg 300w, https:\/\/eszateknik.com\/wp-content\/uploads\/2023\/11\/ASCELIK-KELEPCE-SON-HALI-1024x505.jpg 1024w, https:\/\/eszateknik.com\/wp-content\/uploads\/2023\/11\/ASCELIK-KELEPCE-SON-HALI-768x379.jpg 768w, https:\/\/eszateknik.com\/wp-content\/uploads\/2023\/11\/ASCELIK-KELEPCE-SON-HALI-600x296.jpg 600w\" sizes=\"(max-width: 1445px) 100vw, 1445px\" \/><\/a>\n\t\t\t<\/div>\n\t\t\t\t<figcaption class='wp-caption-text gallery-caption' id='gallery-1-6371'>\n\t\t\t\tKELEP\u00c7ELER\n\t\t\t\t<\/figcaption><\/figure><figure class='gallery-item'>\n\t\t\t<div class='gallery-icon landscape'>\n\t\t\t\t<a data-elementor-open-lightbox=\"yes\" data-elementor-lightbox-slideshow=\"0eb133a\" data-elementor-lightbox-title=\"STANDART VANA\" data-e-action-hash=\"#elementor-action%3Aaction%3Dlightbox%26settings%3DeyJpZCI6NjM3NCwidXJsIjoiaHR0cHM6XC9cL2VzemF0ZWtuaWsuY29tXC93cC1jb250ZW50XC91cGxvYWRzXC8yMDIzXC8xMVwvU1RBTkRBUlQtVkFOQS5wbmciLCJzbGlkZXNob3ciOiIwZWIxMzNhIn0%3D\" href='https:\/\/eszateknik.com\/wp-content\/uploads\/2023\/11\/STANDART-VANA.png'><img loading=\"lazy\" decoding=\"async\" width=\"292\" height=\"141\" src=\"https:\/\/eszateknik.com\/wp-content\/uploads\/2023\/11\/STANDART-VANA.png\" class=\"attachment-full size-full\" alt=\"\" aria-describedby=\"gallery-1-6374\" \/><\/a>\n\t\t\t<\/div>\n\t\t\t\t<figcaption class='wp-caption-text gallery-caption' id='gallery-1-6374'>\n\t\t\t\tD\u0130\u015eL\u0130 K\u00dcRESEL VANA VE EK PAR\u00c7ALARI\n\t\t\t\t<\/figcaption><\/figure><figure class='gallery-item'>\n\t\t\t<div class='gallery-icon landscape'>\n\t\t\t\t<a data-elementor-open-lightbox=\"yes\" data-elementor-lightbox-slideshow=\"0eb133a\" data-elementor-lightbox-title=\"7\" data-e-action-hash=\"#elementor-action%3Aaction%3Dlightbox%26settings%3DeyJpZCI6NjI2NSwidXJsIjoiaHR0cHM6XC9cL2VzemF0ZWtuaWsuY29tXC93cC1jb250ZW50XC91cGxvYWRzXC8yMDIyXC8wOVwvNy5qcGciLCJzbGlkZXNob3ciOiIwZWIxMzNhIn0%3D\" href='https:\/\/eszateknik.com\/wp-content\/uploads\/2022\/09\/7.jpg'><img loading=\"lazy\" decoding=\"async\" width=\"235\" height=\"89\" src=\"https:\/\/eszateknik.com\/wp-content\/uploads\/2022\/09\/7.jpg\" class=\"attachment-full size-full\" alt=\"\" aria-describedby=\"gallery-1-6265\" \/><\/a>\n\t\t\t<\/div>\n\t\t\t\t<figcaption class='wp-caption-text gallery-caption' id='gallery-1-6265'>\n\t\t\t\tPOMPA VE H\u0130DROFORLAR\n\t\t\t\t<\/figcaption><\/figure><figure class='gallery-item'>\n\t\t\t<div class='gallery-icon landscape'>\n\t\t\t\t<a data-elementor-open-lightbox=\"yes\" data-elementor-lightbox-slideshow=\"0eb133a\" data-elementor-lightbox-title=\"4\" data-e-action-hash=\"#elementor-action%3Aaction%3Dlightbox%26settings%3DeyJpZCI6NjI2MiwidXJsIjoiaHR0cHM6XC9cL2VzemF0ZWtuaWsuY29tXC93cC1jb250ZW50XC91cGxvYWRzXC8yMDIyXC8wOVwvNC5qcGciLCJzbGlkZXNob3ciOiIwZWIxMzNhIn0%3D\" href='https:\/\/eszateknik.com\/wp-content\/uploads\/2022\/09\/4.jpg'><img loading=\"lazy\" decoding=\"async\" width=\"235\" height=\"89\" src=\"https:\/\/eszateknik.com\/wp-content\/uploads\/2022\/09\/4.jpg\" class=\"attachment-full size-full\" alt=\"\" aria-describedby=\"gallery-1-6262\" \/><\/a>\n\t\t\t<\/div>\n\t\t\t\t<figcaption class='wp-caption-text gallery-caption' id='gallery-1-6262'>\n\t\t\t\tK\u00dcRESEL VANALAR\n\t\t\t\t<\/figcaption><\/figure>\n\t\t<\/div>\n\t\t<\/div>\n\t\t\t\t\t\t<\/div>\n\t\t\t\t<\/div>\n\t\t\t\t\t<\/div>\n\t\t<\/div>\n\t\t\t\t\t<\/div>\n\t\t<\/section>\n\t\t\t\t<section class=\"elementor-section elementor-top-section elementor-element elementor-element-f1bca85 elementor-section-boxed elementor-section-height-default elementor-section-height-default\" data-id=\"f1bca85\" data-element_type=\"section\" data-e-type=\"section\">\n\t\t\t\t\t\t<div class=\"elementor-container elementor-column-gap-default\">\n\t\t\t\t\t<div class=\"elementor-column elementor-col-100 elementor-top-column elementor-element elementor-element-be090a3\" data-id=\"be090a3\" data-element_type=\"column\" data-e-type=\"column\">\n\t\t\t<div class=\"elementor-widget-wrap elementor-element-populated\">\n\t\t\t\t\t\t<div class=\"elementor-element elementor-element-dce5606 elementor-widget__width-initial elementor-widget elementor-widget-spacer\" data-id=\"dce5606\" data-element_type=\"widget\" data-e-type=\"widget\" data-widget_type=\"spacer.default\">\n\t\t\t\t<div class=\"elementor-widget-container\">\n\t\t\t\t\t\t\t<div class=\"elementor-spacer\">\n\t\t\t<div class=\"elementor-spacer-inner\"><\/div>\n\t\t<\/div>\n\t\t\t\t\t\t<\/div>\n\t\t\t\t<\/div>\n\t\t\t\t\t<\/div>\n\t\t<\/div>\n\t\t\t\t\t<\/div>\n\t\t<\/section>\n\t\t\t\t<section class=\"elementor-section elementor-top-section elementor-element elementor-element-23472ac elementor-section-boxed elementor-section-height-default elementor-section-height-default\" data-id=\"23472ac\" data-element_type=\"section\" data-e-type=\"section\">\n\t\t\t\t\t\t<div class=\"elementor-container elementor-column-gap-default\">\n\t\t\t\t\t<div class=\"elementor-column elementor-col-100 elementor-top-column elementor-element elementor-element-8be8321\" data-id=\"8be8321\" data-element_type=\"column\" data-e-type=\"column\">\n\t\t\t<div class=\"elementor-widget-wrap elementor-element-populated\">\n\t\t\t\t\t\t<div class=\"elementor-element elementor-element-8fbdb1b elementor-widget__width-initial elementor-widget elementor-widget-google_maps\" data-id=\"8fbdb1b\" data-element_type=\"widget\" data-e-type=\"widget\" data-widget_type=\"google_maps.default\">\n\t\t\t\t<div class=\"elementor-widget-container\">\n\t\t\t\t\t\t\t<div class=\"elementor-custom-embed\">\n\t\t\t<iframe loading=\"lazy\"\n\t\t\t\t\tsrc=\"https:\/\/maps.google.com\/maps?q=ESZA&#038;t=m&#038;z=10&#038;output=embed&#038;iwloc=near\"\n\t\t\t\t\ttitle=\"ESZA\"\n\t\t\t\t\taria-label=\"ESZA\"\n\t\t\t><\/iframe>\n\t\t<\/div>\n\t\t\t\t\t\t<\/div>\n\t\t\t\t<\/div>\n\t\t\t\t\t<\/div>\n\t\t<\/div>\n\t\t\t\t\t<\/div>\n\t\t<\/section>\n\t\t\t\t<\/div>\n\t\t","protected":false},"excerpt":{"rendered":"<p>K\u00dcRESEL VANALAR BOYLER VE AK\u00dcM\u00dcLASYON F\u0130T\u0130NGS GRUPLARI K\u00dcRESEL VANALAR PLAST\u0130K GRUPLAR KOMPANSAT\u00d6R GRUPLARI GENLE\u015eME TANKLARI D\u0130\u015eL\u0130 K\u00dcRESEL VANA VE EK PAR\u00c7ALARI FLAN\u015eVE PATENT D\u0130RSEKLER ISI VE BASIN\u00c7 \u00d6L\u00c7ERLER ISI VE BASIN\u00c7 \u00d6L\u00c7ERLER POMPA VE H\u0130DROFORLAR EMNN\u0130YET VENT\u0130LLER\u0130 VE BASIN\u00c7 D\u00dc\u015e\u00dcR\u00dcC\u00dcLER KELEP\u00c7ELER<\/p>\n","protected":false},"author":1,"featured_media":0,"parent":0,"menu_order":0,"comment_status":"closed","ping_status":"closed","template":"","meta":{"site-sidebar-layout":"no-sidebar","site-content-layout":"page-builder","ast-site-content-layout":"full-width-container","site-content-style":"unboxed","site-sidebar-style":"unboxed","ast-global-header-display":"","ast-banner-title-visibility":"","ast-main-header-display":"","ast-hfb-above-header-display":"","ast-hfb-below-header-display":"","ast-hfb-mobile-header-display":"","site-post-title":"disabled","ast-breadcrumbs-content":"","ast-featured-img":"disabled","footer-sml-layout":"","ast-disable-related-posts":"","theme-transparent-header-meta":"default","adv-header-id-meta":"","stick-header-meta":"","header-above-stick-meta":"","header-main-stick-meta":"","header-below-stick-meta":"","astra-migrate-meta-layouts":"set","ast-page-background-enabled":"default","ast-page-background-meta":{"desktop":{"background-color":"","background-image":"","background-repeat":"repeat","background-position":"center center","background-size":"auto","background-attachment":"scroll","background-type":"","background-media":"","overlay-type":"","overlay-color":"","overlay-opacity":"","overlay-gradient":""},"tablet":{"background-color":"","background-image":"","background-repeat":"repeat","background-position":"center center","background-size":"auto","background-attachment":"scroll","background-type":"","background-media":"","overlay-type":"","overlay-color":"","overlay-opacity":"","overlay-gradient":""},"mobile":{"background-color":"","background-image":"","background-repeat":"repeat","background-position":"center center","background-size":"auto","background-attachment":"scroll","background-type":"","background-media":"","overlay-type":"","overlay-color":"","overlay-opacity":"","overlay-gradient":""}},"ast-content-background-meta":{"desktop":{"background-color":"var(--ast-global-color-5)","background-image":"","background-repeat":"repeat","background-position":"center center","background-size":"auto","background-attachment":"scroll","background-type":"","background-media":"","overlay-type":"","overlay-color":"","overlay-opacity":"","overlay-gradient":""},"tablet":{"background-color":"var(--ast-global-color-5)","background-image":"","background-repeat":"repeat","background-position":"center center","background-size":"auto","background-attachment":"scroll","background-type":"","background-media":"","overlay-type":"","overlay-color":"","overlay-opacity":"","overlay-gradient":""},"mobile":{"background-color":"var(--ast-global-color-5)","background-image":"","background-repeat":"repeat","background-position":"center center","background-size":"auto","background-attachment":"scroll","background-type":"","background-media":"","overlay-type":"","overlay-color":"","overlay-opacity":"","overlay-gradient":""}},"footnotes":""},"class_list":["post-95","page","type-page","status-publish","hentry"],"aioseo_notices":[],"_links":{"self":[{"href":"https:\/\/eszateknik.com\/index.php?rest_route=\/wp\/v2\/pages\/95","targetHints":{"allow":["GET"]}}],"collection":[{"href":"https:\/\/eszateknik.com\/index.php?rest_route=\/wp\/v2\/pages"}],"about":[{"href":"https:\/\/eszateknik.com\/index.php?rest_route=\/wp\/v2\/types\/page"}],"author":[{"embeddable":true,"href":"https:\/\/eszateknik.com\/index.php?rest_route=\/wp\/v2\/users\/1"}],"replies":[{"embeddable":true,"href":"https:\/\/eszateknik.com\/index.php?rest_route=%2Fwp%2Fv2%2Fcomments&post=95"}],"version-history":[{"count":105,"href":"https:\/\/eszateknik.com\/index.php?rest_route=\/wp\/v2\/pages\/95\/revisions"}],"predecessor-version":[{"id":6481,"href":"https:\/\/eszateknik.com\/index.php?rest_route=\/wp\/v2\/pages\/95\/revisions\/6481"}],"wp:attachment":[{"href":"https:\/\/eszateknik.com\/index.php?rest_route=%2Fwp%2Fv2%2Fmedia&parent=95"}],"curies":[{"name":"wp","href":"https:\/\/api.w.org\/{rel}","templated":true}]}}